{"id":66,"date":"2025-07-11T22:34:48","date_gmt":"2025-07-11T22:34:48","guid":{"rendered":"https:\/\/ch-travelstories.pt\/index.php\/empresas-parceiras\/"},"modified":"2025-08-14T18:51:04","modified_gmt":"2025-08-14T18:51:04","slug":"empresas-parceiras","status":"publish","type":"page","link":"https:\/\/ch-travelstories.pt\/index.php\/empresas-parceiras\/","title":{"rendered":"Empresas Parceiras"},"content":{"rendered":"\t\t<div data-elementor-type=\"wp-page\" data-elementor-id=\"66\" class=\"elementor elementor-66\">\n\t\t\t\t<div class=\"elementor-element elementor-element-1b84f6cc e-flex e-con-boxed e-con e-parent\" data-id=\"1b84f6cc\" data-element_type=\"container\" data-settings=\"{&quot;background_background&quot;:&quot;classic&quot;}\">\n\t\t\t\t\t<div class=\"e-con-inner\">\n\t\t<div class=\"elementor-element elementor-element-2d052b74 e-con-full e-flex e-con e-child\" data-id=\"2d052b74\" data-element_type=\"container\">\n\t\t\t\t<div class=\"elementor-element elementor-element-586cb992 elementor-widget elementor-widget-heading\" data-id=\"586cb992\" data-element_type=\"widget\" data-widget_type=\"heading.default\">\n\t\t\t\t\t<h5 class=\"elementor-heading-title elementor-size-default\">Parcerias que Inspiram<\/h5>\t\t\t\t<\/div>\n\t\t\t\t<div class=\"elementor-element elementor-element-39c2ea5a elementor-widget elementor-widget-heading\" data-id=\"39c2ea5a\" data-element_type=\"widget\" data-widget_type=\"heading.default\">\n\t\t\t\t\t<h2 class=\"elementor-heading-title elementor-size-default\">Descubra o Mundo Connosco!<\/h2>\t\t\t\t<\/div>\n\t\t\t\t<div class=\"elementor-element elementor-element-32d5ec2a elementor-widget elementor-widget-text-editor\" data-id=\"32d5ec2a\" data-element_type=\"widget\" data-widget_type=\"text-editor.default\">\n\t\t\t\t\t\t\t\t\t<p>Viajar por conta pr\u00f3pria \u00e9 uma aventura incr\u00edvel \u2014 mas contar com marcas em que confiamos faz toda a diferen\u00e7a.<br data-start=\"337\" data-end=\"340\" \/>Nesta sec\u00e7\u00e3o partilhamos ferramentas, sites e servi\u00e7os que usamos e recomendamos, porque j\u00e1 nos ajudaram a planear viagens com mais seguran\u00e7a, liberdade e tranquilidade.<br data-start=\"509\" data-end=\"512\" \/>Tudo testado por n\u00f3s, em estrada, aeroportos e alojamentos reais.<\/p>\t\t\t\t\t\t\t\t<\/div>\n\t\t\t\t<\/div>\n\t\t\t\t\t<\/div>\n\t\t\t\t<\/div>\n\t\t<div class=\"elementor-element elementor-element-1aea1733 e-flex e-con-boxed e-con e-parent\" data-id=\"1aea1733\" data-element_type=\"container\" data-settings=\"{&quot;background_background&quot;:&quot;classic&quot;}\">\n\t\t\t\t\t<div class=\"e-con-inner\">\n\t\t\t\t<div class=\"elementor-element elementor-element-1a5dea7d elementor-widget elementor-widget-heading\" data-id=\"1a5dea7d\" data-element_type=\"widget\" data-widget_type=\"heading.default\">\n\t\t\t\t\t<h4 class=\"elementor-heading-title elementor-size-default\">Recomendamos!<\/h4>\t\t\t\t<\/div>\n\t\t\t\t\t<\/div>\n\t\t\t\t<\/div>\n\t\t<div class=\"elementor-element elementor-element-c2acec2 e-flex e-con-boxed e-con e-parent\" data-id=\"c2acec2\" data-element_type=\"container\">\n\t\t\t\t\t<div class=\"e-con-inner\">\n\t\t\t\t<div class=\"elementor-element elementor-element-dd078ff elementor-widget elementor-widget-image\" data-id=\"dd078ff\" data-element_type=\"widget\" data-widget_type=\"image.default\">\n\t\t\t\t\t\t\t\t\t\t\t\t\t\t\t\t<a href=\"https:\/\/www.tkqlhce.com\/click-101445257-15734352\" target=\"_blank\">\n\t\t\t\t\t\t\t<img fetchpriority=\"high\" decoding=\"async\" width=\"640\" height=\"142\" src=\"https:\/\/ch-travelstories.pt\/wp-content\/uploads\/2025\/08\/Booking.com_logo2.png\" class=\"attachment-large size-large wp-image-169\" alt=\"\" srcset=\"https:\/\/ch-travelstories.pt\/wp-content\/uploads\/2025\/08\/Booking.com_logo2.png 737w, https:\/\/ch-travelstories.pt\/wp-content\/uploads\/2025\/08\/Booking.com_logo2-300x66.png 300w\" sizes=\"(max-width: 640px) 100vw, 640px\" \/>\t\t\t\t\t\t\t\t<\/a>\n\t\t\t\t\t\t\t\t\t\t\t\t\t\t\t<\/div>\n\t\t\t\t\t<\/div>\n\t\t\t\t<\/div>\n\t\t<div class=\"elementor-element elementor-element-bdd452b e-flex e-con-boxed e-con e-parent\" data-id=\"bdd452b\" data-element_type=\"container\">\n\t\t\t\t\t<div class=\"e-con-inner\">\n\t\t\t\t<div class=\"elementor-element elementor-element-3599693 elementor-widget elementor-widget-heading\" data-id=\"3599693\" data-element_type=\"widget\" data-widget_type=\"heading.default\">\n\t\t\t\t\t<h2 class=\"elementor-heading-title elementor-size-default\">Este \u00e9 o nosso site preferido para reservas as nossas estadias. Simples, pre\u00e7os competitivos e suporte eficaz!<\/h2>\t\t\t\t<\/div>\n\t\t\t\t\t<\/div>\n\t\t\t\t<\/div>\n\t\t<div class=\"elementor-element elementor-element-b323be4 e-flex e-con-boxed e-con e-parent\" data-id=\"b323be4\" data-element_type=\"container\">\n\t\t\t\t\t<div class=\"e-con-inner\">\n\t\t\t\t\t<\/div>\n\t\t\t\t<\/div>\n\t\t<div class=\"elementor-element elementor-element-8ce4499 e-flex e-con-boxed e-con e-parent\" data-id=\"8ce4499\" data-element_type=\"container\">\n\t\t\t\t\t<div class=\"e-con-inner\">\n\t\t\t\t\t<\/div>\n\t\t\t\t<\/div>\n\t\t<div class=\"elementor-element elementor-element-146ded7 e-flex e-con-boxed e-con e-parent\" data-id=\"146ded7\" data-element_type=\"container\">\n\t\t\t\t\t<div class=\"e-con-inner\">\n\t\t\t\t\t<\/div>\n\t\t\t\t<\/div>\n\t\t<div class=\"elementor-element elementor-element-304de26 e-flex e-con-boxed e-con e-parent\" data-id=\"304de26\" data-element_type=\"container\">\n\t\t\t\t\t<div class=\"e-con-inner\">\n\t\t\t\t\t<\/div>\n\t\t\t\t<\/div>\n\t\t<div class=\"elementor-element elementor-element-9e7fa9c e-flex e-con-boxed e-con e-parent\" data-id=\"9e7fa9c\" data-element_type=\"container\">\n\t\t\t\t\t<div class=\"e-con-inner\">\n\t\t\t\t\t<\/div>\n\t\t\t\t<\/div>\n\t\t<div class=\"elementor-element elementor-element-9385a6f e-flex e-con-boxed e-con e-parent\" data-id=\"9385a6f\" data-element_type=\"container\">\n\t\t\t\t\t<div class=\"e-con-inner\">\n\t\t\t\t<div class=\"elementor-element elementor-element-5f9d9c6 elementor-widget elementor-widget-image\" data-id=\"5f9d9c6\" data-element_type=\"widget\" data-widget_type=\"image.default\">\n\t\t\t\t\t\t\t\t\t\t\t\t<figure class=\"wp-caption\">\n\t\t\t\t\t\t\t\t\t\t\t<a href=\"https:\/\/www.dpbolvw.net\/click-101445257-13830074\" target=\"_blank\">\n\t\t\t\t\t\t\t<img decoding=\"async\" width=\"266\" height=\"148\" src=\"https:\/\/ch-travelstories.pt\/wp-content\/uploads\/2025\/08\/hotels-logo-1.png\" class=\"attachment-large size-large wp-image-288\" alt=\"\" \/>\t\t\t\t\t\t\t\t<\/a>\n\t\t\t\t\t\t\t\t\t\t\t<figcaption class=\"widget-image-caption wp-caption-text\">Hotels.com \u2013 Encontre o hotel perfeito, com total confian\u00e7a.<\/figcaption>\n\t\t\t\t\t\t\t\t\t\t<\/figure>\n\t\t\t\t\t\t\t\t\t<\/div>\n\t\t\t\t<div class=\"elementor-element elementor-element-eab06e7 elementor-widget elementor-widget-image\" data-id=\"eab06e7\" data-element_type=\"widget\" data-widget_type=\"image.default\">\n\t\t\t\t\t\t\t\t\t\t\t\t<figure class=\"wp-caption\">\n\t\t\t\t\t\t\t\t\t\t\t<a href=\"https:\/\/www.dpbolvw.net\/click-101445257-13859169\" target=\"_blank\">\n\t\t\t\t\t\t\t<img decoding=\"async\" width=\"512\" height=\"111\" src=\"https:\/\/ch-travelstories.pt\/wp-content\/uploads\/2025\/08\/expedia-logo.png\" class=\"attachment-full size-full wp-image-287\" alt=\"\" srcset=\"https:\/\/ch-travelstories.pt\/wp-content\/uploads\/2025\/08\/expedia-logo.png 512w, https:\/\/ch-travelstories.pt\/wp-content\/uploads\/2025\/08\/expedia-logo-300x65.png 300w\" sizes=\"(max-width: 512px) 100vw, 512px\" \/>\t\t\t\t\t\t\t\t<\/a>\n\t\t\t\t\t\t\t\t\t\t\t<figcaption class=\"widget-image-caption wp-caption-text\">Expedia \u2013 Reserve com confian\u00e7a, viaje sem preocupa\u00e7\u00f5es.<\/figcaption>\n\t\t\t\t\t\t\t\t\t\t<\/figure>\n\t\t\t\t\t\t\t\t\t<\/div>\n\t\t\t\t\t<\/div>\n\t\t\t\t<\/div>\n\t\t\t\t<\/div>\n\t\t","protected":false},"excerpt":{"rendered":"<p>Parcerias que Inspiram Descubra o Mundo Connosco! Viajar por conta pr\u00f3pria \u00e9 uma aventura incr\u00edvel \u2014 mas contar com marcas em que confiamos faz toda a diferen\u00e7a.Nesta sec\u00e7\u00e3o partilhamos ferramentas, sites e servi\u00e7os que usamos e recomendamos, porque j\u00e1 nos ajudaram a planear viagens com mais seguran\u00e7a, liberdade e tranquilidade.Tudo testado por n\u00f3s, em estrada, [&hellip;]<\/p>\n","protected":false},"author":1,"featured_media":0,"parent":0,"menu_order":0,"comment_status":"closed","ping_status":"closed","template":"","meta":{"footnotes":""},"class_list":["post-66","page","type-page","status-publish","hentry"],"_links":{"self":[{"href":"https:\/\/ch-travelstories.pt\/index.php\/wp-json\/wp\/v2\/pages\/66","targetHints":{"allow":["GET"]}}],"collection":[{"href":"https:\/\/ch-travelstories.pt\/index.php\/wp-json\/wp\/v2\/pages"}],"about":[{"href":"https:\/\/ch-travelstories.pt\/index.php\/wp-json\/wp\/v2\/types\/page"}],"author":[{"embeddable":true,"href":"https:\/\/ch-travelstories.pt\/index.php\/wp-json\/wp\/v2\/users\/1"}],"replies":[{"embeddable":true,"href":"https:\/\/ch-travelstories.pt\/index.php\/wp-json\/wp\/v2\/comments?post=66"}],"version-history":[{"count":52,"href":"https:\/\/ch-travelstories.pt\/index.php\/wp-json\/wp\/v2\/pages\/66\/revisions"}],"predecessor-version":[{"id":312,"href":"https:\/\/ch-travelstories.pt\/index.php\/wp-json\/wp\/v2\/pages\/66\/revisions\/312"}],"wp:attachment":[{"href":"https:\/\/ch-travelstories.pt\/index.php\/wp-json\/wp\/v2\/media?parent=66"}],"curies":[{"name":"wp","href":"https:\/\/api.w.org\/{rel}","templated":true}]}}