{"id":58,"date":"2025-07-11T22:34:45","date_gmt":"2025-07-11T22:34:45","guid":{"rendered":"https:\/\/ch-travelstories.pt\/index.php\/sobre-os-viajantes\/"},"modified":"2025-08-02T12:37:52","modified_gmt":"2025-08-02T12:37:52","slug":"sobre-os-viajantes","status":"publish","type":"page","link":"https:\/\/ch-travelstories.pt\/index.php\/sobre-os-viajantes\/","title":{"rendered":"Sobre os Viajantes"},"content":{"rendered":"\t\t<div data-elementor-type=\"wp-page\" data-elementor-id=\"58\" class=\"elementor elementor-58\">\n\t\t\t\t<div class=\"elementor-element elementor-element-7632c2a1 e-flex e-con-boxed e-con e-parent\" data-id=\"7632c2a1\" data-element_type=\"container\">\n\t\t\t\t\t<div class=\"e-con-inner\">\n\t\t\t\t<div class=\"elementor-element elementor-element-8b387e2 elementor-widget elementor-widget-heading\" data-id=\"8b387e2\" data-element_type=\"widget\" data-widget_type=\"heading.default\">\n\t\t\t\t\t<h2 class=\"elementor-heading-title elementor-size-default\">Exploradores de Aventuras<\/h2>\t\t\t\t<\/div>\n\t\t\t\t<div class=\"elementor-element elementor-element-2193948b elementor-widget elementor-widget-heading\" data-id=\"2193948b\" data-element_type=\"widget\" data-widget_type=\"heading.default\">\n\t\t\t\t\t<h2 class=\"elementor-heading-title elementor-size-default\">Quem somos<\/h2>\t\t\t\t<\/div>\n\t\t\t\t<div class=\"elementor-element elementor-element-3530c42 elementor-widget elementor-widget-text-editor\" data-id=\"3530c42\" data-element_type=\"widget\" data-widget_type=\"text-editor.default\">\n\t\t\t\t\t\t\t\t\t<p data-start=\"281\" data-end=\"614\">Viajar para n\u00f3s \u00e9 muito mais do que deslocar-nos de um lugar para outro. \u00c9 uma forma de <strong>descobrir o mundo<\/strong>, <span style=\"color: #008000;\"><strong>conhecer pessoas<\/strong><\/span>, <strong><span style=\"color: #000080;\">culturas<\/span><\/strong>, <strong><span style=\"color: #003300;\">sabores<\/span><\/strong> e <strong><span style=\"color: #993300;\">hist\u00f3rias<\/span> <\/strong>que tornam cada destino \u00fanico. E esta aventura n\u00e3o a fazemos sozinhos \u2014 somos n\u00f3s, <strong><span style=\"color: #000080;\">Carlos<\/span> <\/strong>e <strong><span style=\"color: #008000;\">Aninha<\/span><\/strong>, companheiros de viagem e de vida, a explorar cada passo deste percurso juntos.<\/p><p data-start=\"616\" data-end=\"925\"><strong>Juntos<\/strong>, descobrimos que as viagens s\u00e3o um espa\u00e7o precioso para amadurecer, n\u00e3o s\u00f3 como <strong>casal<\/strong>, mas tamb\u00e9m como <strong>amigos<\/strong>. Entre paisagens incr\u00edveis e momentos partilhados, aprendemos a respeitar ainda mais as diferen\u00e7as, a comunicar com mais calma e a celebrar cada pequena vit\u00f3ria e desafio que surge no caminho.<\/p><p data-start=\"927\" data-end=\"1239\">Desde sempre que o fasc\u00ednio por <strong>mapas<\/strong>, <strong>monumentos<\/strong> e <strong>tradi\u00e7\u00f5es<\/strong> diferentes nos acompanha, e cada viagem \u00e9 um novo cap\u00edtulo da nossa hist\u00f3ria. Adoramos aquela mistura de <strong>aventura<\/strong> e <strong>tranquilidade<\/strong>, os momentos de explorar ruas desconhecidas e a sensa\u00e7\u00e3o de voltar para <strong>casa<\/strong> com a mala cheia de mem\u00f3rias inesquec\u00edveis.<\/p><p data-start=\"1241\" data-end=\"1470\">Para n\u00f3s, o <strong>mundo est\u00e1 feito para ser descoberto<\/strong>. E n\u00e3o precisa de ser caro ou complicado. Com alguma organiza\u00e7\u00e3o e vontade, \u00e9 poss\u00edvel viajar e aprender sem grandes gastos, aproveitando o melhor que cada local tem para oferecer.<\/p><p data-start=\"1472\" data-end=\"1659\">\u00c9 esse prazer, essa <strong>partilha<\/strong> de experi\u00eancias e <strong>dicas<\/strong>, que queremos transmitir neste espa\u00e7o que \u00e9 nosso e vosso. Que possas encontrar inspira\u00e7\u00e3o para desenhar a tua pr\u00f3pria viagem\u2026 a tua viagem, a vossa viagem!<\/p><figure id=\"attachment_128\" aria-describedby=\"caption-attachment-128\" style=\"width: 300px\" class=\"wp-caption aligncenter\"><img fetchpriority=\"high\" decoding=\"async\" class=\"size-medium wp-image-128\" src=\"https:\/\/ch-travelstories.pt\/wp-content\/uploads\/2025\/07\/IMG_20220611_193314-300x225.jpg\" alt=\"\" width=\"300\" height=\"225\" srcset=\"https:\/\/ch-travelstories.pt\/wp-content\/uploads\/2025\/07\/IMG_20220611_193314-300x225.jpg 300w, https:\/\/ch-travelstories.pt\/wp-content\/uploads\/2025\/07\/IMG_20220611_193314-1024x768.jpg 1024w, https:\/\/ch-travelstories.pt\/wp-content\/uploads\/2025\/07\/IMG_20220611_193314-768x576.jpg 768w, https:\/\/ch-travelstories.pt\/wp-content\/uploads\/2025\/07\/IMG_20220611_193314-1536x1152.jpg 1536w, https:\/\/ch-travelstories.pt\/wp-content\/uploads\/2025\/07\/IMG_20220611_193314-2048x1536.jpg 2048w\" sizes=\"(max-width: 300px) 100vw, 300px\" \/><figcaption id=\"caption-attachment-128\" class=\"wp-caption-text\">Descansar em Zagreb<\/figcaption><\/figure>\t\t\t\t\t\t\t\t<\/div>\n\t\t\t\t\t<\/div>\n\t\t\t\t<\/div>\n\t\t<div class=\"elementor-element elementor-element-1891881d e-flex e-con-boxed e-con e-parent\" data-id=\"1891881d\" data-element_type=\"container\">\n\t\t\t\t\t<div class=\"e-con-inner\">\n\t\t\t\t<div class=\"elementor-element elementor-element-9896e72 elementor-widget elementor-widget-heading\" data-id=\"9896e72\" data-element_type=\"widget\" data-widget_type=\"heading.default\">\n\t\t\t\t\t<h2 class=\"elementor-heading-title elementor-size-default\">As nossas viagens<\/h2>\t\t\t\t<\/div>\n\t\t\t\t<div class=\"elementor-element elementor-element-1eca8fe6 elementor-widget elementor-widget-text-editor\" data-id=\"1eca8fe6\" data-element_type=\"widget\" data-widget_type=\"text-editor.default\">\n\t\t\t\t\t\t\t\t\t<p>Embarque connosco nesta jornada recheada de ideias, dicas e destinos imperd\u00edveis. Acreditamos que viajar \u00e9 viver, e estamos aqui para te inspirar a descobrir o mundo!<\/p>\t\t\t\t\t\t\t\t<\/div>\n\t\t\t\t<div class=\"elementor-element elementor-element-2a401206 elementor-widget__width-auto elementor-widget elementor-widget-button\" data-id=\"2a401206\" data-element_type=\"widget\" data-widget_type=\"button.default\">\n\t\t\t\t\t\t\t\t\t\t<a class=\"elementor-button elementor-button-link elementor-size-sm\" href=\"https:\/\/ch-travelstories.pt\/index.php\/relatos-de-viagem\/\">\n\t\t\t\t\t\t<span class=\"elementor-button-content-wrapper\">\n\t\t\t\t\t\t\t\t\t<span class=\"elementor-button-text\">Descubra as Vagas Abertas<\/span>\n\t\t\t\t\t<\/span>\n\t\t\t\t\t<\/a>\n\t\t\t\t\t\t\t\t<\/div>\n\t\t\t\t\t<\/div>\n\t\t\t\t<\/div>\n\t\t<div class=\"elementor-element elementor-element-1fa65288 e-flex e-con-boxed e-con e-parent\" data-id=\"1fa65288\" data-element_type=\"container\" data-settings=\"{&quot;background_background&quot;:&quot;classic&quot;}\">\n\t\t\t\t\t<div class=\"e-con-inner\">\n\t\t<div class=\"elementor-element elementor-element-30443eae e-con-full e-flex e-con e-child\" data-id=\"30443eae\" data-element_type=\"container\">\n\t\t\t\t<div class=\"elementor-element elementor-element-4d54bbae elementor-widget elementor-widget-heading\" data-id=\"4d54bbae\" data-element_type=\"widget\" data-widget_type=\"heading.default\">\n\t\t\t\t\t<h2 class=\"elementor-heading-title elementor-size-default\">Explorar viagens aut\u00eanticas e inspiradoras<\/h2>\t\t\t\t<\/div>\n\t\t\t\t<div class=\"elementor-element elementor-element-6fdd31e4 elementor-widget elementor-widget-text-editor\" data-id=\"6fdd31e4\" data-element_type=\"widget\" data-widget_type=\"text-editor.default\">\n\t\t\t\t\t\t\t\t\t<p>Neste espa\u00e7o, celebramos a ess\u00eancia das viagens sinceras. Acreditamos que cada experi\u00eancia conta uma hist\u00f3ria e tem o poder de conectar pessoas. Queremos inspirar-te a explorar o mundo de forma sustent\u00e1vel, promovendo parcerias que fazem a diferen\u00e7a. Junte-se a n\u00f3s nesta jornada de partilha e aventura!<\/p>\t\t\t\t\t\t\t\t<\/div>\n\t\t\t\t<\/div>\n\t\t<div class=\"elementor-element elementor-element-42ad0de9 e-con-full e-flex e-con e-child\" data-id=\"42ad0de9\" data-element_type=\"container\">\n\t\t\t\t<div class=\"elementor-element elementor-element-3fc00fd1 elementor-widget elementor-widget-image\" data-id=\"3fc00fd1\" data-element_type=\"widget\" data-widget_type=\"image.default\">\n\t\t\t\t\t\t\t\t\t\t\t\t\t\t\t<img decoding=\"async\" width=\"2560\" height=\"1155\" src=\"https:\/\/ch-travelstories.pt\/wp-content\/uploads\/2025\/07\/IMG_20250609_163832-scaled.jpg\" class=\"attachment-full size-full wp-image-93\" alt=\"\" srcset=\"https:\/\/ch-travelstories.pt\/wp-content\/uploads\/2025\/07\/IMG_20250609_163832-scaled.jpg 2560w, https:\/\/ch-travelstories.pt\/wp-content\/uploads\/2025\/07\/IMG_20250609_163832-300x135.jpg 300w, https:\/\/ch-travelstories.pt\/wp-content\/uploads\/2025\/07\/IMG_20250609_163832-1024x462.jpg 1024w, https:\/\/ch-travelstories.pt\/wp-content\/uploads\/2025\/07\/IMG_20250609_163832-768x346.jpg 768w, https:\/\/ch-travelstories.pt\/wp-content\/uploads\/2025\/07\/IMG_20250609_163832-1536x693.jpg 1536w, https:\/\/ch-travelstories.pt\/wp-content\/uploads\/2025\/07\/IMG_20250609_163832-2048x924.jpg 2048w\" sizes=\"(max-width: 2560px) 100vw, 2560px\" \/>\t\t\t\t\t\t\t\t\t\t\t\t\t\t\t<\/div>\n\t\t\t\t<\/div>\n\t\t\t\t\t<\/div>\n\t\t\t\t<\/div>\n\t\t<div class=\"elementor-element elementor-element-dbb6c1f e-flex e-con-boxed e-con e-parent\" data-id=\"dbb6c1f\" data-element_type=\"container\">\n\t\t\t\t\t<div class=\"e-con-inner\">\n\t\t\t\t<div class=\"elementor-element elementor-element-ad76d96 elementor-widget elementor-widget-image\" data-id=\"ad76d96\" data-element_type=\"widget\" data-widget_type=\"image.default\">\n\t\t\t\t\t\t\t\t\t\t\t\t\t\t\t<img decoding=\"async\" width=\"640\" height=\"359\" src=\"https:\/\/ch-travelstories.pt\/wp-content\/uploads\/2025\/08\/IMG_20250513_140312-1024x574.jpg\" class=\"attachment-large size-large wp-image-175\" alt=\"\" srcset=\"https:\/\/ch-travelstories.pt\/wp-content\/uploads\/2025\/08\/IMG_20250513_140312-1024x574.jpg 1024w, https:\/\/ch-travelstories.pt\/wp-content\/uploads\/2025\/08\/IMG_20250513_140312-300x168.jpg 300w, https:\/\/ch-travelstories.pt\/wp-content\/uploads\/2025\/08\/IMG_20250513_140312-768x431.jpg 768w, https:\/\/ch-travelstories.pt\/wp-content\/uploads\/2025\/08\/IMG_20250513_140312-1536x861.jpg 1536w, https:\/\/ch-travelstories.pt\/wp-content\/uploads\/2025\/08\/IMG_20250513_140312.jpg 1568w\" sizes=\"(max-width: 640px) 100vw, 640px\" \/>\t\t\t\t\t\t\t\t\t\t\t\t\t\t\t<\/div>\n\t\t\t\t\t<\/div>\n\t\t\t\t<\/div>\n\t\t\t\t<\/div>\n\t\t","protected":false},"excerpt":{"rendered":"<p>Exploradores de Aventuras Quem somos Viajar para n\u00f3s \u00e9 muito mais do que deslocar-nos de um lugar para outro. \u00c9 uma forma de descobrir o mundo, conhecer pessoas, culturas, sabores e hist\u00f3rias que tornam cada destino \u00fanico. E esta aventura n\u00e3o a fazemos sozinhos \u2014 somos n\u00f3s, Carlos e Aninha, companheiros de viagem e de [&hellip;]<\/p>\n","protected":false},"author":1,"featured_media":0,"parent":0,"menu_order":0,"comment_status":"closed","ping_status":"closed","template":"","meta":{"footnotes":""},"class_list":["post-58","page","type-page","status-publish","hentry"],"_links":{"self":[{"href":"https:\/\/ch-travelstories.pt\/index.php\/wp-json\/wp\/v2\/pages\/58","targetHints":{"allow":["GET"]}}],"collection":[{"href":"https:\/\/ch-travelstories.pt\/index.php\/wp-json\/wp\/v2\/pages"}],"about":[{"href":"https:\/\/ch-travelstories.pt\/index.php\/wp-json\/wp\/v2\/types\/page"}],"author":[{"embeddable":true,"href":"https:\/\/ch-travelstories.pt\/index.php\/wp-json\/wp\/v2\/users\/1"}],"replies":[{"embeddable":true,"href":"https:\/\/ch-travelstories.pt\/index.php\/wp-json\/wp\/v2\/comments?post=58"}],"version-history":[{"count":16,"href":"https:\/\/ch-travelstories.pt\/index.php\/wp-json\/wp\/v2\/pages\/58\/revisions"}],"predecessor-version":[{"id":178,"href":"https:\/\/ch-travelstories.pt\/index.php\/wp-json\/wp\/v2\/pages\/58\/revisions\/178"}],"wp:attachment":[{"href":"https:\/\/ch-travelstories.pt\/index.php\/wp-json\/wp\/v2\/media?parent=58"}],"curies":[{"name":"wp","href":"https:\/\/api.w.org\/{rel}","templated":true}]}}