{"id":54,"date":"2025-07-11T22:34:43","date_gmt":"2025-07-11T22:34:43","guid":{"rendered":"https:\/\/ch-travelstories.pt\/index.php\/home\/"},"modified":"2025-08-02T14:29:20","modified_gmt":"2025-08-02T14:29:20","slug":"home","status":"publish","type":"page","link":"https:\/\/ch-travelstories.pt\/","title":{"rendered":"Home"},"content":{"rendered":"\t\t<div data-elementor-type=\"wp-page\" data-elementor-id=\"54\" class=\"elementor elementor-54\">\n\t\t\t\t<div class=\"elementor-element elementor-element-2f2940b0 e-flex e-con-boxed e-con e-parent\" data-id=\"2f2940b0\" data-element_type=\"container\" data-settings=\"{&quot;background_background&quot;:&quot;classic&quot;}\">\n\t\t\t\t\t<div class=\"e-con-inner\">\n\t\t\t\t<div class=\"elementor-element elementor-element-667ee72 elementor-widget elementor-widget-heading\" data-id=\"667ee72\" data-element_type=\"widget\" data-widget_type=\"heading.default\">\n\t\t\t\t\t<h5 class=\"elementor-heading-title elementor-size-default\">Viagem \u00e0 vista!<\/h5>\t\t\t\t<\/div>\n\t\t\t\t<div class=\"elementor-element elementor-element-52577a99 elementor-widget elementor-widget-heading\" data-id=\"52577a99\" data-element_type=\"widget\" data-widget_type=\"heading.default\">\n\t\t\t\t\t<h1 class=\"elementor-heading-title elementor-size-default\">Explore o mundo connosco e crie mem\u00f3rias inesquec\u00edveis!<\/h1>\t\t\t\t<\/div>\n\t\t\t\t<div class=\"elementor-element elementor-element-2307cf64 elementor-widget elementor-widget-heading\" data-id=\"2307cf64\" data-element_type=\"widget\" data-widget_type=\"heading.default\">\n\t\t\t\t\t<h5 class=\"elementor-heading-title elementor-size-default\">Mergulhe nas nossas hist\u00f3rias de viagens, nas nossas dicas e parcerias \u00fanicas que tornam cada aventura especial.<\/h5>\t\t\t\t<\/div>\n\t\t\t\t<div class=\"elementor-element elementor-element-5854e901 elementor-widget__width-auto elementor-align-right elementor-button-info elementor-widget elementor-widget-button\" data-id=\"5854e901\" data-element_type=\"widget\" data-widget_type=\"button.default\">\n\t\t\t\t\t\t\t\t\t\t<a class=\"elementor-button elementor-button-link elementor-size-sm\" href=\"https:\/\/ch-travelstories.pt\/index.php\/sobre-os-viajantes\/\">\n\t\t\t\t\t\t<span class=\"elementor-button-content-wrapper\">\n\t\t\t\t\t\t\t\t\t<span class=\"elementor-button-text\">Descubra mais sobre n\u00f3s!<\/span>\n\t\t\t\t\t<\/span>\n\t\t\t\t\t<\/a>\n\t\t\t\t\t\t\t\t<\/div>\n\t\t\t\t\t<\/div>\n\t\t\t\t<\/div>\n\t\t<div class=\"elementor-element elementor-element-37f4ec21 e-grid e-con-boxed e-con e-parent\" data-id=\"37f4ec21\" data-element_type=\"container\">\n\t\t\t\t\t<div class=\"e-con-inner\">\n\t\t<div class=\"elementor-element elementor-element-534256ca e-con-full e-flex e-con e-child\" data-id=\"534256ca\" data-element_type=\"container\" data-settings=\"{&quot;background_background&quot;:&quot;classic&quot;}\">\n\t\t\t\t<div class=\"elementor-element elementor-element-57f46a9b elementor-tablet-position-top elementor-view-default elementor-mobile-position-top elementor-widget elementor-widget-icon-box\" data-id=\"57f46a9b\" data-element_type=\"widget\" data-widget_type=\"icon-box.default\">\n\t\t\t\t\t\t\t<div class=\"elementor-icon-box-wrapper\">\n\n\t\t\t\t\t\t<div class=\"elementor-icon-box-icon\">\n\t\t\t\t<span  class=\"elementor-icon\">\n\t\t\t\t<svg aria-hidden=\"true\" class=\"e-font-icon-svg e-fas-star\" viewBox=\"0 0 576 512\" xmlns=\"http:\/\/www.w3.org\/2000\/svg\"><path d=\"M259.3 17.8L194 150.2 47.9 171.5c-26.2 3.8-36.7 36.1-17.7 54.6l105.7 103-25 145.5c-4.5 26.3 23.2 46 46.4 33.7L288 439.6l130.7 68.7c23.2 12.2 50.9-7.4 46.4-33.7l-25-145.5 105.7-103c19-18.5 8.5-50.8-17.7-54.6L382 150.2 316.7 17.8c-11.7-23.6-45.6-23.9-57.4 0z\"><\/path><\/svg>\t\t\t\t<\/span>\n\t\t\t<\/div>\n\t\t\t\n\t\t\t\t\t\t<div class=\"elementor-icon-box-content\">\n\n\t\t\t\t\t\t\t\t\t<h3 class=\"elementor-icon-box-title\">\n\t\t\t\t\t\t<span  >\n\t\t\t\t\t\t\tAs nossas e as tuas aventuras!\t\t\t\t\t\t<\/span>\n\t\t\t\t\t<\/h3>\n\t\t\t\t\n\t\t\t\t\t\t\t\t\t<p class=\"elementor-icon-box-description\">\n\t\t\t\t\t\tGostamos de partilhar ideias, experi\u00eancias e ajudar a criar viagens feitas \u00e0 tua medida! N\u00e3o cobramos nada e ainda oferecemos sorrisos!\n\nQueres ajuda a planear a tua viagem? Envia email para chas@ch-travelstories.pt\t\t\t\t\t<\/p>\n\t\t\t\t\n\t\t\t<\/div>\n\t\t\t\n\t\t<\/div>\n\t\t\t\t\t\t<\/div>\n\t\t\t\t<\/div>\n\t\t<div class=\"elementor-element elementor-element-73ccd217 e-con-full e-flex e-con e-child\" data-id=\"73ccd217\" data-element_type=\"container\" data-settings=\"{&quot;background_background&quot;:&quot;classic&quot;}\">\n\t\t\t\t<div class=\"elementor-element elementor-element-677c8562 elementor-tablet-position-top elementor-view-default elementor-mobile-position-top elementor-widget elementor-widget-icon-box\" data-id=\"677c8562\" data-element_type=\"widget\" data-widget_type=\"icon-box.default\">\n\t\t\t\t\t\t\t<div class=\"elementor-icon-box-wrapper\">\n\n\t\t\t\t\t\t<div class=\"elementor-icon-box-icon\">\n\t\t\t\t<span  class=\"elementor-icon\">\n\t\t\t\t<svg aria-hidden=\"true\" class=\"e-font-icon-svg e-fas-suitcase-rolling\" viewBox=\"0 0 384 512\" xmlns=\"http:\/\/www.w3.org\/2000\/svg\"><path d=\"M336 160H48c-26.51 0-48 21.49-48 48v224c0 26.51 21.49 48 48 48h16v16c0 8.84 7.16 16 16 16h32c8.84 0 16-7.16 16-16v-16h128v16c0 8.84 7.16 16 16 16h32c8.84 0 16-7.16 16-16v-16h16c26.51 0 48-21.49 48-48V208c0-26.51-21.49-48-48-48zm-16 216c0 4.42-3.58 8-8 8H72c-4.42 0-8-3.58-8-8v-16c0-4.42 3.58-8 8-8h240c4.42 0 8 3.58 8 8v16zm0-96c0 4.42-3.58 8-8 8H72c-4.42 0-8-3.58-8-8v-16c0-4.42 3.58-8 8-8h240c4.42 0 8 3.58 8 8v16zM144 48h96v80h48V48c0-26.51-21.49-48-48-48h-96c-26.51 0-48 21.49-48 48v80h48V48z\"><\/path><\/svg>\t\t\t\t<\/span>\n\t\t\t<\/div>\n\t\t\t\n\t\t\t\t\t\t<div class=\"elementor-icon-box-content\">\n\n\t\t\t\t\t\t\t\t\t<h3 class=\"elementor-icon-box-title\">\n\t\t\t\t\t\t<span  >\n\t\t\t\t\t\t\tReportagens de Viagem\t\t\t\t\t\t<\/span>\n\t\t\t\t\t<\/h3>\n\t\t\t\t\n\t\t\t\t\t\t\t\t\t<p class=\"elementor-icon-box-description\">\n\t\t\t\t\t\tL\u00ea as nossas hist\u00f3rias, as nossas dicas, mas tamb\u00e9m de amigos que partilham connosco o gosto de viajar!\t\t\t\t\t<\/p>\n\t\t\t\t\n\t\t\t<\/div>\n\t\t\t\n\t\t<\/div>\n\t\t\t\t\t\t<\/div>\n\t\t\t\t<div class=\"elementor-element elementor-element-aaf81c5 elementor-widget__width-auto elementor-widget elementor-widget-button\" data-id=\"aaf81c5\" data-element_type=\"widget\" data-widget_type=\"button.default\">\n\t\t\t\t\t\t\t\t\t\t<a class=\"elementor-button elementor-button-link elementor-size-sm\" href=\"https:\/\/ch-travelstories.pt\/index.php\/relatos-de-viagem\/\">\n\t\t\t\t\t\t<span class=\"elementor-button-content-wrapper\">\n\t\t\t\t\t\t\t\t\t<span class=\"elementor-button-text\">Leia Mais<\/span>\n\t\t\t\t\t<\/span>\n\t\t\t\t\t<\/a>\n\t\t\t\t\t\t\t\t<\/div>\n\t\t\t\t<\/div>\n\t\t<div class=\"elementor-element elementor-element-29df8f03 e-con-full e-flex e-con e-child\" data-id=\"29df8f03\" data-element_type=\"container\" data-settings=\"{&quot;background_background&quot;:&quot;classic&quot;}\">\n\t\t\t\t<div class=\"elementor-element elementor-element-524ca56d elementor-tablet-position-top elementor-view-default elementor-mobile-position-top elementor-widget elementor-widget-icon-box\" data-id=\"524ca56d\" data-element_type=\"widget\" data-widget_type=\"icon-box.default\">\n\t\t\t\t\t\t\t<div class=\"elementor-icon-box-wrapper\">\n\n\t\t\t\t\t\t<div class=\"elementor-icon-box-icon\">\n\t\t\t\t<a href=\"https:\/\/ch-travelstories.pt\/index.php\/empresas-parceiras\/\" class=\"elementor-icon\" tabindex=\"-1\" aria-label=\"As nossas dicas para reservas\">\n\t\t\t\t<svg aria-hidden=\"true\" class=\"e-font-icon-svg e-fas-stamp\" viewBox=\"0 0 512 512\" xmlns=\"http:\/\/www.w3.org\/2000\/svg\"><path d=\"M32 512h448v-64H32v64zm384-256h-66.56c-16.26 0-29.44-13.18-29.44-29.44v-9.46c0-27.37 8.88-53.41 21.46-77.72 9.11-17.61 12.9-38.39 9.05-60.42-6.77-38.78-38.47-70.7-77.26-77.45C212.62-9.04 160 37.33 160 96c0 14.16 3.12 27.54 8.69 39.58C182.02 164.43 192 194.7 192 226.49v.07c0 16.26-13.18 29.44-29.44 29.44H96c-53.02 0-96 42.98-96 96v32c0 17.67 14.33 32 32 32h448c17.67 0 32-14.33 32-32v-32c0-53.02-42.98-96-96-96z\"><\/path><\/svg>\t\t\t\t<\/a>\n\t\t\t<\/div>\n\t\t\t\n\t\t\t\t\t\t<div class=\"elementor-icon-box-content\">\n\n\t\t\t\t\t\t\t\t\t<h3 class=\"elementor-icon-box-title\">\n\t\t\t\t\t\t<a href=\"https:\/\/ch-travelstories.pt\/index.php\/empresas-parceiras\/\" >\n\t\t\t\t\t\t\tAs nossas dicas para reservas\t\t\t\t\t\t<\/a>\n\t\t\t\t\t<\/h3>\n\t\t\t\t\n\t\t\t\t\t\t\t\t\t<p class=\"elementor-icon-box-description\">\n\t\t\t\t\t\tPara viajarmos de forma independente precisamos de confiar em empresas e sites. Aqui iremos partilhar como e onde reservamos, para que a ida seja r\u00e1pida, a viagem \u00fanica e o regresso calmo!\t\t\t\t\t<\/p>\n\t\t\t\t\n\t\t\t<\/div>\n\t\t\t\n\t\t<\/div>\n\t\t\t\t\t\t<\/div>\n\t\t\t\t<div class=\"elementor-element elementor-element-1de499d7 elementor-widget__width-auto elementor-widget elementor-widget-button\" data-id=\"1de499d7\" data-element_type=\"widget\" data-widget_type=\"button.default\">\n\t\t\t\t\t\t\t\t\t\t<a class=\"elementor-button elementor-button-link elementor-size-sm\" href=\"https:\/\/ch-travelstories.pt\/index.php\/empresas-parceiras\/\">\n\t\t\t\t\t\t<span class=\"elementor-button-content-wrapper\">\n\t\t\t\t\t\t\t\t\t<span class=\"elementor-button-text\">Saiba Mais<\/span>\n\t\t\t\t\t<\/span>\n\t\t\t\t\t<\/a>\n\t\t\t\t\t\t\t\t<\/div>\n\t\t\t\t<\/div>\n\t\t\t\t\t<\/div>\n\t\t\t\t<\/div>\n\t\t<div class=\"elementor-element elementor-element-6b273824 e-flex e-con-boxed e-con e-parent\" data-id=\"6b273824\" data-element_type=\"container\">\n\t\t\t\t\t<div class=\"e-con-inner\">\n\t\t\t\t<div class=\"elementor-element elementor-element-20334b46 elementor-widget elementor-widget-heading\" data-id=\"20334b46\" data-element_type=\"widget\" data-widget_type=\"heading.default\">\n\t\t\t\t\t<h2 class=\"elementor-heading-title elementor-size-default\">O Nosso Mundo em Imagens<\/h2>\t\t\t\t<\/div>\n\t\t\t\t<div class=\"elementor-element elementor-element-302b09b elementor-widget elementor-widget-heading\" data-id=\"302b09b\" data-element_type=\"widget\" data-widget_type=\"heading.default\">\n\t\t\t\t\t<h5 class=\"elementor-heading-title elementor-size-default\">Descubra momentos inesquec\u00edveis de viagens passadas e inspire-se a criar as suas pr\u00f3prias aventuras!<\/h5>\t\t\t\t<\/div>\n\t\t<div class=\"elementor-element elementor-element-3031d670 e-flex e-con-boxed e-con e-child\" data-id=\"3031d670\" data-element_type=\"container\">\n\t\t\t\t\t<div class=\"e-con-inner\">\n\t\t<div class=\"elementor-element elementor-element-43c1c082 e-con-full e-flex e-con e-child\" data-id=\"43c1c082\" data-element_type=\"container\">\n\t\t\t\t<div class=\"elementor-element elementor-element-5e4a55b elementor-widget elementor-widget-image\" data-id=\"5e4a55b\" data-element_type=\"widget\" data-widget_type=\"image.default\">\n\t\t\t\t\t\t\t\t\t\t\t\t\t\t\t<img fetchpriority=\"high\" decoding=\"async\" width=\"640\" height=\"853\" src=\"https:\/\/ch-travelstories.pt\/wp-content\/uploads\/2025\/07\/IMG_20230618_135824-1-768x1024.jpg\" class=\"attachment-large size-large wp-image-110\" alt=\"\" srcset=\"https:\/\/ch-travelstories.pt\/wp-content\/uploads\/2025\/07\/IMG_20230618_135824-1-768x1024.jpg 768w, https:\/\/ch-travelstories.pt\/wp-content\/uploads\/2025\/07\/IMG_20230618_135824-1-225x300.jpg 225w, https:\/\/ch-travelstories.pt\/wp-content\/uploads\/2025\/07\/IMG_20230618_135824-1-1152x1536.jpg 1152w, https:\/\/ch-travelstories.pt\/wp-content\/uploads\/2025\/07\/IMG_20230618_135824-1-1536x2048.jpg 1536w, https:\/\/ch-travelstories.pt\/wp-content\/uploads\/2025\/07\/IMG_20230618_135824-1-scaled.jpg 1920w\" sizes=\"(max-width: 640px) 100vw, 640px\" \/>\t\t\t\t\t\t\t\t\t\t\t\t\t\t\t<\/div>\n\t\t\t\t<div class=\"elementor-element elementor-element-1c7694ee elementor-widget elementor-widget-image\" data-id=\"1c7694ee\" data-element_type=\"widget\" data-widget_type=\"image.default\">\n\t\t\t\t\t\t\t\t\t\t\t\t\t\t\t<img decoding=\"async\" width=\"640\" height=\"853\" src=\"https:\/\/ch-travelstories.pt\/wp-content\/uploads\/2025\/07\/IMG20240620115101-1-768x1024.jpg\" class=\"attachment-large size-large wp-image-109\" alt=\"\" srcset=\"https:\/\/ch-travelstories.pt\/wp-content\/uploads\/2025\/07\/IMG20240620115101-1-768x1024.jpg 768w, https:\/\/ch-travelstories.pt\/wp-content\/uploads\/2025\/07\/IMG20240620115101-1-225x300.jpg 225w, https:\/\/ch-travelstories.pt\/wp-content\/uploads\/2025\/07\/IMG20240620115101-1-1152x1536.jpg 1152w, https:\/\/ch-travelstories.pt\/wp-content\/uploads\/2025\/07\/IMG20240620115101-1-1536x2048.jpg 1536w, https:\/\/ch-travelstories.pt\/wp-content\/uploads\/2025\/07\/IMG20240620115101-1-scaled.jpg 1920w\" sizes=\"(max-width: 640px) 100vw, 640px\" \/>\t\t\t\t\t\t\t\t\t\t\t\t\t\t\t<\/div>\n\t\t\t\t<\/div>\n\t\t<div class=\"elementor-element elementor-element-59a8fab5 e-con-full e-flex e-con e-child\" data-id=\"59a8fab5\" data-element_type=\"container\">\n\t\t\t\t<div class=\"elementor-element elementor-element-53a988cc elementor-widget elementor-widget-image\" data-id=\"53a988cc\" data-element_type=\"widget\" data-widget_type=\"image.default\">\n\t\t\t\t\t\t\t\t\t\t\t\t\t\t\t<img decoding=\"async\" width=\"640\" height=\"359\" src=\"https:\/\/ch-travelstories.pt\/wp-content\/uploads\/2025\/07\/IMG_20250609_164404-1024x574.jpg\" class=\"attachment-large size-large wp-image-94\" alt=\"\" srcset=\"https:\/\/ch-travelstories.pt\/wp-content\/uploads\/2025\/07\/IMG_20250609_164404-1024x574.jpg 1024w, https:\/\/ch-travelstories.pt\/wp-content\/uploads\/2025\/07\/IMG_20250609_164404-300x168.jpg 300w, https:\/\/ch-travelstories.pt\/wp-content\/uploads\/2025\/07\/IMG_20250609_164404-768x431.jpg 768w, https:\/\/ch-travelstories.pt\/wp-content\/uploads\/2025\/07\/IMG_20250609_164404-1536x861.jpg 1536w, https:\/\/ch-travelstories.pt\/wp-content\/uploads\/2025\/07\/IMG_20250609_164404-2048x1148.jpg 2048w\" sizes=\"(max-width: 640px) 100vw, 640px\" \/>\t\t\t\t\t\t\t\t\t\t\t\t\t\t\t<\/div>\n\t\t\t\t<div class=\"elementor-element elementor-element-725ca12c elementor-widget elementor-widget-image\" data-id=\"725ca12c\" data-element_type=\"widget\" data-widget_type=\"image.default\">\n\t\t\t\t\t\t\t\t\t\t\t\t\t\t\t<img loading=\"lazy\" decoding=\"async\" width=\"640\" height=\"480\" src=\"https:\/\/ch-travelstories.pt\/wp-content\/uploads\/2025\/07\/IMG20220617122208-1-1024x768.jpg\" class=\"attachment-large size-large wp-image-27\" alt=\"\" srcset=\"https:\/\/ch-travelstories.pt\/wp-content\/uploads\/2025\/07\/IMG20220617122208-1-1024x768.jpg 1024w, https:\/\/ch-travelstories.pt\/wp-content\/uploads\/2025\/07\/IMG20220617122208-1-300x225.jpg 300w, https:\/\/ch-travelstories.pt\/wp-content\/uploads\/2025\/07\/IMG20220617122208-1-768x576.jpg 768w, https:\/\/ch-travelstories.pt\/wp-content\/uploads\/2025\/07\/IMG20220617122208-1-1536x1152.jpg 1536w, https:\/\/ch-travelstories.pt\/wp-content\/uploads\/2025\/07\/IMG20220617122208-1-2048x1536.jpg 2048w\" sizes=\"(max-width: 640px) 100vw, 640px\" \/>\t\t\t\t\t\t\t\t\t\t\t\t\t\t\t<\/div>\n\t\t\t\t<div class=\"elementor-element elementor-element-6247f1dd elementor-widget elementor-widget-image\" data-id=\"6247f1dd\" data-element_type=\"widget\" data-widget_type=\"image.default\">\n\t\t\t\t\t\t\t\t\t\t\t\t\t\t\t<img loading=\"lazy\" decoding=\"async\" width=\"640\" height=\"534\" src=\"https:\/\/ch-travelstories.pt\/wp-content\/uploads\/2025\/07\/IMG_20250513_1403292-1024x855.jpg\" class=\"attachment-large size-large wp-image-104\" alt=\"\" srcset=\"https:\/\/ch-travelstories.pt\/wp-content\/uploads\/2025\/07\/IMG_20250513_1403292-1024x855.jpg 1024w, https:\/\/ch-travelstories.pt\/wp-content\/uploads\/2025\/07\/IMG_20250513_1403292-300x250.jpg 300w, https:\/\/ch-travelstories.pt\/wp-content\/uploads\/2025\/07\/IMG_20250513_1403292-768x641.jpg 768w, https:\/\/ch-travelstories.pt\/wp-content\/uploads\/2025\/07\/IMG_20250513_1403292-1536x1282.jpg 1536w, https:\/\/ch-travelstories.pt\/wp-content\/uploads\/2025\/07\/IMG_20250513_1403292-2048x1710.jpg 2048w\" sizes=\"(max-width: 640px) 100vw, 640px\" \/>\t\t\t\t\t\t\t\t\t\t\t\t\t\t\t<\/div>\n\t\t\t\t<\/div>\n\t\t<div class=\"elementor-element elementor-element-700452a8 e-con-full e-flex e-con e-child\" data-id=\"700452a8\" data-element_type=\"container\">\n\t\t\t\t<div class=\"elementor-element elementor-element-7bc366ec elementor-widget elementor-widget-image\" data-id=\"7bc366ec\" data-element_type=\"widget\" data-widget_type=\"image.default\">\n\t\t\t\t\t\t\t\t\t\t\t\t\t\t\t<img loading=\"lazy\" decoding=\"async\" width=\"640\" height=\"853\" src=\"https:\/\/ch-travelstories.pt\/wp-content\/uploads\/2025\/07\/IMG20241011141224-1-768x1024.jpg\" class=\"attachment-large size-large wp-image-107\" alt=\"\" srcset=\"https:\/\/ch-travelstories.pt\/wp-content\/uploads\/2025\/07\/IMG20241011141224-1-768x1024.jpg 768w, https:\/\/ch-travelstories.pt\/wp-content\/uploads\/2025\/07\/IMG20241011141224-1-225x300.jpg 225w, https:\/\/ch-travelstories.pt\/wp-content\/uploads\/2025\/07\/IMG20241011141224-1-1152x1536.jpg 1152w, https:\/\/ch-travelstories.pt\/wp-content\/uploads\/2025\/07\/IMG20241011141224-1-1536x2048.jpg 1536w, https:\/\/ch-travelstories.pt\/wp-content\/uploads\/2025\/07\/IMG20241011141224-1-scaled.jpg 1920w\" sizes=\"(max-width: 640px) 100vw, 640px\" \/>\t\t\t\t\t\t\t\t\t\t\t\t\t\t\t<\/div>\n\t\t\t\t<div class=\"elementor-element elementor-element-6f493426 elementor-widget elementor-widget-image\" data-id=\"6f493426\" data-element_type=\"widget\" data-widget_type=\"image.default\">\n\t\t\t\t\t\t\t\t\t\t\t\t\t\t\t<img loading=\"lazy\" decoding=\"async\" width=\"640\" height=\"359\" src=\"https:\/\/ch-travelstories.pt\/wp-content\/uploads\/2025\/07\/IMG_20240614_185948-1-1024x574.jpg\" class=\"attachment-large size-large wp-image-108\" alt=\"\" srcset=\"https:\/\/ch-travelstories.pt\/wp-content\/uploads\/2025\/07\/IMG_20240614_185948-1-1024x574.jpg 1024w, https:\/\/ch-travelstories.pt\/wp-content\/uploads\/2025\/07\/IMG_20240614_185948-1-300x168.jpg 300w, https:\/\/ch-travelstories.pt\/wp-content\/uploads\/2025\/07\/IMG_20240614_185948-1-768x431.jpg 768w, https:\/\/ch-travelstories.pt\/wp-content\/uploads\/2025\/07\/IMG_20240614_185948-1-1536x861.jpg 1536w, https:\/\/ch-travelstories.pt\/wp-content\/uploads\/2025\/07\/IMG_20240614_185948-1-2048x1148.jpg 2048w\" sizes=\"(max-width: 640px) 100vw, 640px\" \/>\t\t\t\t\t\t\t\t\t\t\t\t\t\t\t<\/div>\n\t\t\t\t<\/div>\n\t\t\t\t\t<\/div>\n\t\t\t\t<\/div>\n\t\t\t\t\t<\/div>\n\t\t\t\t<\/div>\n\t\t<div class=\"elementor-element elementor-element-36d3ca8e e-flex e-con-boxed e-con e-parent\" data-id=\"36d3ca8e\" data-element_type=\"container\">\n\t\t\t\t\t<div class=\"e-con-inner\">\n\t\t<div class=\"elementor-element elementor-element-7db145c e-con-full e-flex e-con e-child\" data-id=\"7db145c\" data-element_type=\"container\">\n\t\t\t\t<div class=\"elementor-element elementor-element-30ee3358 elementor-widget elementor-widget-heading\" data-id=\"30ee3358\" data-element_type=\"widget\" data-widget_type=\"heading.default\">\n\t\t\t\t\t<h2 class=\"elementor-heading-title elementor-size-default\">Explora. Sonha. Viaja.<\/h2>\t\t\t\t<\/div>\n\t\t\t\t<div class=\"elementor-element elementor-element-40d17c17 elementor-widget elementor-widget-heading\" data-id=\"40d17c17\" data-element_type=\"widget\" data-widget_type=\"heading.default\">\n\t\t\t\t\t<h2 class=\"elementor-heading-title elementor-size-default\">Fala Conosco<\/h2>\t\t\t\t<\/div>\n\t\t\t\t<div class=\"elementor-element elementor-element-68008eb7 elementor-widget elementor-widget-text-editor\" data-id=\"68008eb7\" data-element_type=\"widget\" data-widget_type=\"text-editor.default\">\n\t\t\t\t\t\t\t\t\t<p>Tem alguma pergunta ou ideia? Fica \u00e0 vontade para nos contactar! Estamos aqui para ajudar nas tuas aventuras.<\/p>\t\t\t\t\t\t\t\t<\/div>\n\t\t\t\t<\/div>\n\t\t<div class=\"elementor-element elementor-element-c1b6913 e-con-full e-flex e-con e-child\" data-id=\"c1b6913\" data-element_type=\"container\">\n\t\t\t\t<div class=\"elementor-element elementor-element-703a2395 elementor-position-left elementor-view-default elementor-mobile-position-top elementor-widget elementor-widget-icon-box\" data-id=\"703a2395\" data-element_type=\"widget\" data-widget_type=\"icon-box.default\">\n\t\t\t\t\t\t\t<div class=\"elementor-icon-box-wrapper\">\n\n\t\t\t\t\t\t<div class=\"elementor-icon-box-icon\">\n\t\t\t\t<span  class=\"elementor-icon\">\n\t\t\t\t<svg aria-hidden=\"true\" class=\"e-font-icon-svg e-fas-envelope\" viewBox=\"0 0 512 512\" xmlns=\"http:\/\/www.w3.org\/2000\/svg\"><path d=\"M502.3 190.8c3.9-3.1 9.7-.2 9.7 4.7V400c0 26.5-21.5 48-48 48H48c-26.5 0-48-21.5-48-48V195.6c0-5 5.7-7.8 9.7-4.7 22.4 17.4 52.1 39.5 154.1 113.6 21.1 15.4 56.7 47.8 92.2 47.6 35.7.3 72-32.8 92.3-47.6 102-74.1 131.6-96.3 154-113.7zM256 320c23.2.4 56.6-29.2 73.4-41.4 132.7-96.3 142.8-104.7 173.4-128.7 5.8-4.5 9.2-11.5 9.2-18.9v-19c0-26.5-21.5-48-48-48H48C21.5 64 0 85.5 0 112v19c0 7.4 3.4 14.3 9.2 18.9 30.6 23.9 40.7 32.4 173.4 128.7 16.8 12.2 50.2 41.8 73.4 41.4z\"><\/path><\/svg>\t\t\t\t<\/span>\n\t\t\t<\/div>\n\t\t\t\n\t\t\t\t\t\t<div class=\"elementor-icon-box-content\">\n\n\t\t\t\t\t\t\t\t\t<h3 class=\"elementor-icon-box-title\">\n\t\t\t\t\t\t<span  >\n\t\t\t\t\t\t\tEmail\t\t\t\t\t\t<\/span>\n\t\t\t\t\t<\/h3>\n\t\t\t\t\n\t\t\t\t\t\t\t\t\t<p class=\"elementor-icon-box-description\">\n\t\t\t\t\t\tchas@ch-travelstories.pt\t\t\t\t\t<\/p>\n\t\t\t\t\n\t\t\t<\/div>\n\t\t\t\n\t\t<\/div>\n\t\t\t\t\t\t<\/div>\n\t\t\t\t<\/div>\n\t\t\t\t\t<\/div>\n\t\t\t\t<\/div>\n\t\t<div class=\"elementor-element elementor-element-521af486 e-flex e-con-boxed e-con e-parent\" data-id=\"521af486\" data-element_type=\"container\">\n\t\t\t\t\t<div class=\"e-con-inner\">\n\t\t\t\t<div class=\"elementor-element elementor-element-3112e721 elementor-widget elementor-widget-image\" data-id=\"3112e721\" data-element_type=\"widget\" data-widget_type=\"image.default\">\n\t\t\t\t\t\t\t\t\t\t\t\t\t\t\t<img loading=\"lazy\" decoding=\"async\" width=\"2560\" height=\"788\" src=\"https:\/\/ch-travelstories.pt\/wp-content\/uploads\/2025\/08\/IMG_20200929_180454-scaled.jpg\" class=\"attachment-full size-full wp-image-183\" alt=\"\" srcset=\"https:\/\/ch-travelstories.pt\/wp-content\/uploads\/2025\/08\/IMG_20200929_180454-scaled.jpg 2560w, https:\/\/ch-travelstories.pt\/wp-content\/uploads\/2025\/08\/IMG_20200929_180454-300x92.jpg 300w, https:\/\/ch-travelstories.pt\/wp-content\/uploads\/2025\/08\/IMG_20200929_180454-1024x315.jpg 1024w, https:\/\/ch-travelstories.pt\/wp-content\/uploads\/2025\/08\/IMG_20200929_180454-768x236.jpg 768w, https:\/\/ch-travelstories.pt\/wp-content\/uploads\/2025\/08\/IMG_20200929_180454-1536x473.jpg 1536w, https:\/\/ch-travelstories.pt\/wp-content\/uploads\/2025\/08\/IMG_20200929_180454-2048x630.jpg 2048w\" sizes=\"(max-width: 2560px) 100vw, 2560px\" \/>\t\t\t\t\t\t\t\t\t\t\t\t\t\t\t<\/div>\n\t\t\t\t\t<\/div>\n\t\t\t\t<\/div>\n\t\t\t\t<\/div>\n\t\t","protected":false},"excerpt":{"rendered":"<p>Viagem \u00e0 vista! Explore o mundo connosco e crie mem\u00f3rias inesquec\u00edveis! Mergulhe nas nossas hist\u00f3rias de viagens, nas nossas dicas e parcerias \u00fanicas que tornam cada aventura especial. Descubra mais sobre n\u00f3s! As nossas e as tuas aventuras! Gostamos de partilhar ideias, experi\u00eancias e ajudar a criar viagens feitas \u00e0 tua medida! N\u00e3o cobramos nada [&hellip;]<\/p>\n","protected":false},"author":1,"featured_media":0,"parent":0,"menu_order":0,"comment_status":"closed","ping_status":"closed","template":"","meta":{"footnotes":""},"class_list":["post-54","page","type-page","status-publish","hentry"],"_links":{"self":[{"href":"https:\/\/ch-travelstories.pt\/index.php\/wp-json\/wp\/v2\/pages\/54","targetHints":{"allow":["GET"]}}],"collection":[{"href":"https:\/\/ch-travelstories.pt\/index.php\/wp-json\/wp\/v2\/pages"}],"about":[{"href":"https:\/\/ch-travelstories.pt\/index.php\/wp-json\/wp\/v2\/types\/page"}],"author":[{"embeddable":true,"href":"https:\/\/ch-travelstories.pt\/index.php\/wp-json\/wp\/v2\/users\/1"}],"replies":[{"embeddable":true,"href":"https:\/\/ch-travelstories.pt\/index.php\/wp-json\/wp\/v2\/comments?post=54"}],"version-history":[{"count":31,"href":"https:\/\/ch-travelstories.pt\/index.php\/wp-json\/wp\/v2\/pages\/54\/revisions"}],"predecessor-version":[{"id":212,"href":"https:\/\/ch-travelstories.pt\/index.php\/wp-json\/wp\/v2\/pages\/54\/revisions\/212"}],"wp:attachment":[{"href":"https:\/\/ch-travelstories.pt\/index.php\/wp-json\/wp\/v2\/media?parent=54"}],"curies":[{"name":"wp","href":"https:\/\/api.w.org\/{rel}","templated":true}]}}